{"id":5,"date":"2019-11-19T11:49:25","date_gmt":"2019-11-19T11:49:25","guid":{"rendered":"https:\/\/speaktaiwanese.dnathan.com\/siraya\/?page_id=5"},"modified":"2019-12-28T09:14:28","modified_gmt":"2019-12-28T09:14:28","slug":"home","status":"publish","type":"page","link":"https:\/\/speaktaiwanese.com\/siraya\/","title":{"rendered":"\u897f\u62c9\u96c5\u65cf\u7684\u8072\u97f3 <br> Sirayan Voices"},"content":{"rendered":"\n<p>\u672c\u7db2\u5740\uff1a\u4e3b\u8981\u4ecb\u7d39\u4f4d\u65bc\u5357\u53f0\u7063\u76842\u4f4d\u4e0d\u505c\u5730\u70ba\u897f\u62c9\u96c5\u65cf\u7fa4\u5de5\u4f5c\u7684\u5c2a\u59e8\u7684\u795e\u97f3\u3002 \u5979\u5011\u4e5f\u60f3\u8b93\u5168\u4e16\u754c\u90fd\u77e5\u9053\u5979\u5011\u7368\u7279\u7684\u6587\u5316\u548c\u6b77\u53f2\u3002 <\/p>\n\n\n\n<p>This site is dedicated to the work of two Sirayan Shamans, who serve their local Aboriginal communities in southwestern Taiwan . The shamans want to let the world know about the unique culture and history of their people. <\/p>\n\n\n\n<div class=\"home-image\"><img decoding=\"async\" src=\"https:\/\/speaktaiwanese.com\/siraya\/wp-content\/uploads\/2019\/12\/shrine2-c2.jpg\"><\/div>\n\n\n\n<p class=\"centrecaption\">Image courtesy Ch\u00e9n Qi\u016b-y\u00e0n \u9673\u79cb\u71d5<\/p>\n","protected":false},"excerpt":{"rendered":"<p>\u672c\u7db2\u5740\uff1a\u4e3b\u8981\u4ecb\u7d39\u4f4d\u65bc\u5357\u53f0\u7063\u76842\u4f4d\u4e0d\u505c\u5730\u70ba\u897f\u62c9\u96c5\u65cf\u7fa4\u5de5\u4f5c\u7684\u5c2a\u59e8\u7684\u795e\u97f3\u3002 \u5979\u5011\u4e5f\u60f3\u8b93\u5168\u4e16\u754c\u90fd\u77e5\u9053\u5979\u5011\u7368\u7279\u7684\u6587\u5316\u548c\u6b77\u53f2\u3002 This site is dedicated to the work of two Sirayan Shamans, who serve their local Aboriginal communities in southwestern Taiwan . The shamans want to let the world know about the unique culture and history of their people. Image courtesy Ch\u00e9n Qi\u016b-y\u00e0n \u9673\u79cb\u71d5<\/p>\n","protected":false},"author":1,"featured_media":0,"parent":0,"menu_order":0,"comment_status":"closed","ping_status":"closed","template":"","meta":{"footnotes":""},"_links":{"self":[{"href":"https:\/\/speaktaiwanese.com\/siraya\/wp-json\/wp\/v2\/pages\/5"}],"collection":[{"href":"https:\/\/speaktaiwanese.com\/siraya\/wp-json\/wp\/v2\/pages"}],"about":[{"href":"https:\/\/speaktaiwanese.com\/siraya\/wp-json\/wp\/v2\/types\/page"}],"author":[{"embeddable":true,"href":"https:\/\/speaktaiwanese.com\/siraya\/wp-json\/wp\/v2\/users\/1"}],"replies":[{"embeddable":true,"href":"https:\/\/speaktaiwanese.com\/siraya\/wp-json\/wp\/v2\/comments?post=5"}],"version-history":[{"count":18,"href":"https:\/\/speaktaiwanese.com\/siraya\/wp-json\/wp\/v2\/pages\/5\/revisions"}],"predecessor-version":[{"id":248,"href":"https:\/\/speaktaiwanese.com\/siraya\/wp-json\/wp\/v2\/pages\/5\/revisions\/248"}],"wp:attachment":[{"href":"https:\/\/speaktaiwanese.com\/siraya\/wp-json\/wp\/v2\/media?parent=5"}],"curies":[{"name":"wp","href":"https:\/\/api.w.org\/{rel}","templated":true}]}}